{"id":5404,"date":"2022-07-13T07:47:52","date_gmt":"2022-07-13T07:47:52","guid":{"rendered":"https:\/\/cogopassembly.org\/informations-sur-les-environs\/"},"modified":"2026-01-15T20:58:40","modified_gmt":"2026-01-15T20:58:40","slug":"informations-sur-les-environs","status":"publish","type":"page","link":"https:\/\/cogopassembly.org\/fr\/informations-sur-les-environs\/","title":{"rendered":"Informations sur les environs"},"content":{"rendered":"<p>[et_pb_section fb_built=\u00a0\u00bb1&Prime; custom_padding_last_edited=\u00a0\u00bbon|desktop\u00a0\u00bb admin_label=\u00a0\u00bbHeader\u00a0\u00bb _builder_version=\u00a0\u00bb4.24.2&Prime; background_color=\u00a0\u00bbrgba(1,33,63,0.52)\u00a0\u00bb background_image=\u00a0\u00bbhttps:\/\/cogopassembly.org\/wp-content\/uploads\/2024\/04\/maxresdefault.jpg\u00a0\u00bb parallax=\u00a0\u00bbon\u00a0\u00bb width=\u00a0\u00bb100%\u00a0\u00bb max_width=\u00a0\u00bb100%\u00a0\u00bb min_height=\u00a0\u00bb500px\u00a0\u00bb height=\u00a0\u00bb500px\u00a0\u00bb max_height=\u00a0\u00bb500px\u00a0\u00bb custom_margin=\u00a0\u00bb0px|0px|0px|0px|true|false\u00a0\u00bb custom_margin_tablet=\u00a0\u00bb\u00a0\u00bb custom_margin_phone=\u00a0\u00bb20px|20px||20px|false|true\u00a0\u00bb custom_margin_last_edited=\u00a0\u00bbon|desktop\u00a0\u00bb custom_padding=\u00a0\u00bb0px|0px|0px|0px|false|false\u00a0\u00bb custom_padding_tablet=\u00a0\u00bb40px||||false|false\u00a0\u00bb custom_padding_phone=\u00a0\u00bb\u00a0\u00bb hover_enabled=\u00a0\u00bb0&Prime; border_radii_phone=\u00a0\u00bbon|20px|20px|20px|20px\u00a0\u00bb border_radii_last_edited=\u00a0\u00bboff|desktop\u00a0\u00bb locked=\u00a0\u00bboff\u00a0\u00bb global_colors_info=\u00a0\u00bb{}\u00a0\u00bb sticky_enabled=\u00a0\u00bb0&Prime;][et_pb_row custom_padding_last_edited=\u00a0\u00bbon|tablet\u00a0\u00bb _builder_version=\u00a0\u00bb4.24.2&Prime; background_enable_color=\u00a0\u00bboff\u00a0\u00bb background_enable_image=\u00a0\u00bboff\u00a0\u00bb parallax=\u00a0\u00bbon\u00a0\u00bb transform_scale_tablet=\u00a0\u00bb\u00a0\u00bb transform_scale_phone=\u00a0\u00bb\u00a0\u00bb transform_scale_last_edited=\u00a0\u00bbon|desktop\u00a0\u00bb transform_translate=\u00a0\u00bb30px|0px\u00a0\u00bb transform_translate_tablet=\u00a0\u00bb0px|0px\u00a0\u00bb transform_translate_phone=\u00a0\u00bb\u00a0\u00bb transform_translate_last_edited=\u00a0\u00bbon|tablet\u00a0\u00bb transform_translate_linked=\u00a0\u00bboff\u00a0\u00bb transform_rotate_tablet=\u00a0\u00bb\u00a0\u00bb transform_rotate_phone=\u00a0\u00bb\u00a0\u00bb transform_rotate_last_edited=\u00a0\u00bbon|desktop\u00a0\u00bb transform_skew_tablet=\u00a0\u00bb\u00a0\u00bb transform_skew_phone=\u00a0\u00bb\u00a0\u00bb transform_skew_last_edited=\u00a0\u00bbon|desktop\u00a0\u00bb transform_origin_tablet=\u00a0\u00bb\u00a0\u00bb transform_origin_phone=\u00a0\u00bb\u00a0\u00bb transform_origin_last_edited=\u00a0\u00bbon|desktop\u00a0\u00bb transform_styles_last_edited=\u00a0\u00bbon|tablet\u00a0\u00bb width_tablet=\u00a0\u00bb90%\u00a0\u00bb width_phone=\u00a0\u00bb\u00a0\u00bb width_last_edited=\u00a0\u00bbon|desktop\u00a0\u00bb max_width=\u00a0\u00bb1200px\u00a0\u00bb custom_padding=\u00a0\u00bb100px|60px|100px|60px|true|true\u00a0\u00bb custom_padding_tablet=\u00a0\u00bb60px||60px||true|true\u00a0\u00bb custom_padding_phone=\u00a0\u00bb40px|20px|40px|20px|true|true\u00a0\u00bb transform_styles_tablet=\u00a0\u00bb\u00a0\u00bb transform_styles_phone=\u00a0\u00bb\u00a0\u00bb border_radii_phone=\u00a0\u00bboff|8px|8px||\u00a0\u00bb border_radii_last_edited=\u00a0\u00bboff|desktop\u00a0\u00bb global_colors_info=\u00a0\u00bb{}\u00a0\u00bb][et_pb_column type=\u00a0\u00bb4_4&Prime; _builder_version=\u00a0\u00bb4.16&Prime; global_colors_info=\u00a0\u00bb{}\u00a0\u00bb][\/et_pb_column][\/et_pb_row][\/et_pb_section][et_pb_section fb_built=\u00a0\u00bb1&Prime; admin_label=\u00a0\u00bbLinks\u00a0\u00bb _builder_version=\u00a0\u00bb4.25.1&Prime; background_color=\u00a0\u00bbrgba(0,0,0,0)\u00a0\u00bb z_index=\u00a0\u00bb1&Prime; custom_margin=\u00a0\u00bb20px|40px||40px|false|true\u00a0\u00bb custom_margin_tablet=\u00a0\u00bb\u00a0\u00bb custom_margin_phone=\u00a0\u00bb|20px||20px|false|true\u00a0\u00bb custom_margin_last_edited=\u00a0\u00bbon|tablet\u00a0\u00bb custom_padding=\u00a0\u00bb0px||0px||false|false\u00a0\u00bb hover_enabled=\u00a0\u00bb0&Prime; global_colors_info=\u00a0\u00bb{}\u00a0\u00bb sticky_enabled=\u00a0\u00bb0&Prime;][et_pb_row column_structure=\u00a0\u00bb1_2,1_2&Prime; custom_padding_last_edited=\u00a0\u00bbon|phone\u00a0\u00bb _builder_version=\u00a0\u00bb4.25.1&Prime; background_enable_color=\u00a0\u00bboff\u00a0\u00bb width_tablet=\u00a0\u00bb90%\u00a0\u00bb width_phone=\u00a0\u00bb90%\u00a0\u00bb width_last_edited=\u00a0\u00bbon|phone\u00a0\u00bb max_width=\u00a0\u00bb1200px\u00a0\u00bb custom_padding=\u00a0\u00bb|60px|60px|90px|false|false\u00a0\u00bb custom_padding_tablet=\u00a0\u00bb|||60px|false|false\u00a0\u00bb custom_padding_phone=\u00a0\u00bb|20px|20px|20px|false|true\u00a0\u00bb hover_enabled=\u00a0\u00bb0&Prime; box_shadow_style=\u00a0\u00bbpreset3&Prime; box_shadow_vertical=\u00a0\u00bb80px\u00a0\u00bb box_shadow_blur=\u00a0\u00bb110px\u00a0\u00bb box_shadow_spread=\u00a0\u00bb-40px\u00a0\u00bb box_shadow_color=\u00a0\u00bbrgba(131,146,167,0.5)\u00a0\u00bb locked=\u00a0\u00bboff\u00a0\u00bb global_colors_info=\u00a0\u00bb{}\u00a0\u00bb sticky_enabled=\u00a0\u00bb0&Prime;][et_pb_column type=\u00a0\u00bb1_2&Prime; _builder_version=\u00a0\u00bb4.25.1&Prime; background_color=\u00a0\u00bb#FFFFFF\u00a0\u00bb custom_padding=\u00a0\u00bb30px|30px|30px|30px|true|true\u00a0\u00bb hover_enabled=\u00a0\u00bb0&Prime; global_colors_info=\u00a0\u00bb{}\u00a0\u00bb sticky_enabled=\u00a0\u00bb0&Prime;][et_pb_text _builder_version=\u00a0\u00bb4.25.1&Prime; text_font_size=\u00a0\u00bb18px\u00a0\u00bb text_line_height=\u00a0\u00bb1.8em\u00a0\u00bb link_font=\u00a0\u00bb|600|||on||||\u00a0\u00bb link_text_color=\u00a0\u00bb#946ef4&Prime; header_2_font=\u00a0\u00bbTaviraj||||||||\u00a0\u00bb header_2_font_size=\u00a0\u00bb46px\u00a0\u00bb header_2_line_height=\u00a0\u00bb1.2em\u00a0\u00bb header_3_font=\u00a0\u00bb||||||||\u00a0\u00bb header_3_font_size=\u00a0\u00bb34px\u00a0\u00bb header_3_line_height=\u00a0\u00bb1.3em\u00a0\u00bb custom_padding=\u00a0\u00bb||||false|false\u00a0\u00bb custom_padding_tablet=\u00a0\u00bb|30px||50px|true|false\u00a0\u00bb custom_padding_phone=\u00a0\u00bb|30px|||true|false\u00a0\u00bb custom_padding_last_edited=\u00a0\u00bboff|tablet\u00a0\u00bb hover_enabled=\u00a0\u00bb0&Prime; text_font_size_tablet=\u00a0\u00bb\u00a0\u00bb text_font_size_phone=\u00a0\u00bb15px\u00a0\u00bb text_font_size_last_edited=\u00a0\u00bbon|desktop\u00a0\u00bb header_2_font_size_tablet=\u00a0\u00bb40px\u00a0\u00bb header_2_font_size_phone=\u00a0\u00bb30px\u00a0\u00bb header_2_font_size_last_edited=\u00a0\u00bbon|phone\u00a0\u00bb header_3_font_size_tablet=\u00a0\u00bb\u00a0\u00bb header_3_font_size_phone=\u00a0\u00bb18px\u00a0\u00bb header_3_font_size_last_edited=\u00a0\u00bbon|phone\u00a0\u00bb locked=\u00a0\u00bboff\u00a0\u00bb global_colors_info=\u00a0\u00bb{}\u00a0\u00bb sticky_enabled=\u00a0\u00bb0&Prime; header_3_letter_spacing=\u00a0\u00bb2px\u00a0\u00bb]<\/p>\n<h3>Orlando Resources<\/h3>\n<ul>\n<li style=\"margin-left: 20px;\"><a href=\"https:\/\/visitorlando.com\/\" target=\"_blank\" rel=\"noopener\">Visit Orlando!<\/a><\/li>\n<li style=\"margin-left: 20px;\"><a href=\"https:\/\/visitortollpass.com\/\" target=\"_blank\" rel=\"noopener\">Visitor Toll Pass<\/a><\/li>\n<li style=\"margin-left: 20px;\"><a href=\"https:\/\/visitorlando.com\/things-to-do\/virtual-tours\/\" target=\"_blank\" rel=\"noopener\">Take a Virtual Tour of Orlando!<\/a><\/li>\n<li style=\"margin-left: 20px;\"><a href=\"https:\/\/gocity.com\/en\" target=\"_blank\" rel=\"noopener\">Go City!<\/a><\/li>\n<li style=\"margin-left: 20px;\"><a href=\"https:\/\/ocso.com\/en-us\/Public-Interest\/Safety-Tips\/Tourist-Safety\" target=\"_blank\" rel=\"noopener\">Safety Tips for Tourists<\/a><\/li>\n<\/ul>\n<p>[\/et_pb_text][\/et_pb_column][et_pb_column type=\u00a0\u00bb1_2&Prime; _builder_version=\u00a0\u00bb4.25.1&Prime; custom_padding=\u00a0\u00bb30px|30px|30px|30px|true|true\u00a0\u00bb hover_enabled=\u00a0\u00bb0&Prime; global_colors_info=\u00a0\u00bb{}\u00a0\u00bb background_enable_color=\u00a0\u00bboff\u00a0\u00bb sticky_enabled=\u00a0\u00bb0&Prime;][et_pb_text _builder_version=\u00a0\u00bb4.25.1&Prime; text_font_size=\u00a0\u00bb18px\u00a0\u00bb text_line_height=\u00a0\u00bb1.8em\u00a0\u00bb link_font=\u00a0\u00bb|600|||on||||\u00a0\u00bb link_text_color=\u00a0\u00bb#946ef4&Prime; header_2_font=\u00a0\u00bbTaviraj||||||||\u00a0\u00bb header_2_font_size=\u00a0\u00bb46px\u00a0\u00bb header_2_line_height=\u00a0\u00bb1.2em\u00a0\u00bb header_3_font=\u00a0\u00bb||||||||\u00a0\u00bb header_3_font_size=\u00a0\u00bb34px\u00a0\u00bb header_3_line_height=\u00a0\u00bb1.3em\u00a0\u00bb custom_padding=\u00a0\u00bb||||false|false\u00a0\u00bb custom_padding_tablet=\u00a0\u00bb|30px||50px|true|false\u00a0\u00bb custom_padding_phone=\u00a0\u00bb|30px|||true|false\u00a0\u00bb custom_padding_last_edited=\u00a0\u00bboff|tablet\u00a0\u00bb hover_enabled=\u00a0\u00bb0&Prime; text_font_size_tablet=\u00a0\u00bb\u00a0\u00bb text_font_size_phone=\u00a0\u00bb15px\u00a0\u00bb text_font_size_last_edited=\u00a0\u00bbon|desktop\u00a0\u00bb header_2_font_size_tablet=\u00a0\u00bb40px\u00a0\u00bb header_2_font_size_phone=\u00a0\u00bb30px\u00a0\u00bb header_2_font_size_last_edited=\u00a0\u00bbon|phone\u00a0\u00bb header_3_font_size_tablet=\u00a0\u00bb\u00a0\u00bb header_3_font_size_phone=\u00a0\u00bb18px\u00a0\u00bb header_3_font_size_last_edited=\u00a0\u00bbon|phone\u00a0\u00bb locked=\u00a0\u00bboff\u00a0\u00bb global_colors_info=\u00a0\u00bb{}\u00a0\u00bb sticky_enabled=\u00a0\u00bb0&Prime; header_3_letter_spacing=\u00a0\u00bb2px\u00a0\u00bb text_font=\u00a0\u00bb||||||||\u00a0\u00bb]<\/p>\n<h3>Ressources d&rsquo;Orlando<\/h3>\n<ul style=\"font-size: 16px; letter-spacing: 1px; font-weight: 200;\">\n<li style=\"margin-left: 20px;\"><a href=\"https:\/\/es.visitorlando.com\/\" target=\"_blank\" rel=\"noopener\">Visite Orlando !<\/a><\/li>\n<li style=\"margin-left: 20px;\"><a href=\"https:\/\/visitortollpass.com\/\" target=\"_blank\" rel=\"noopener\">Pass de p\u00e9age visiteur<\/a><\/li>\n<li style=\"margin-left: 20px;\"><a href=\"https:\/\/visitorlando.com\/things-to-do\/virtual-tours\/\" target=\"_blank\" rel=\"noopener\">Faites une visite virtuelle d&rsquo;Orlando !<\/a><\/li>\n<li style=\"margin-left: 20px;\"><a href=\"https:\/\/gocity.com\/es\" target=\"_blank\" rel=\"noopener\">Go City !<\/a><\/li>\n<li style=\"margin-left: 20px;\"><a href=\"https:\/\/www.ocso.com\/es-es\/Inter%C3%A9s-p%C3%BAblico\/Consejos-de-Seguridad\/Seguridad-de-los-Turistas\" target=\"_blank\" rel=\"noopener\">Conseils de s\u00e9curit\u00e9 pour les touristes<\/a><\/li>\n<\/ul>\n<p>[\/et_pb_text][\/et_pb_column][\/et_pb_row][\/et_pb_section][et_pb_section fb_built=\u00a0\u00bb1&Prime; admin_label=\u00a0\u00bbBlog\u00a0\u00bb _builder_version=\u00a0\u00bb4.16&Prime; custom_padding=\u00a0\u00bb0px|||||\u00a0\u00bb global_colors_info=\u00a0\u00bb{}\u00a0\u00bb][\/et_pb_section]<\/p>\n","protected":false},"excerpt":{"rendered":"<p>Orlando Resources Visit Orlando! Visitor Toll Pass Take a Virtual Tour of Orlando! Go City! Safety Tips for Tourists Ressources d&rsquo;Orlando Visite Orlando ! Pass de p\u00e9age visiteur Faites une visite virtuelle d&rsquo;Orlando ! Go City ! Conseils de s\u00e9curit\u00e9 pour les touristes<\/p>\n","protected":false},"author":1,"featured_media":0,"parent":0,"menu_order":0,"comment_status":"closed","ping_status":"closed","template":"","meta":{"_et_pb_use_builder":"on","_et_pb_old_content":"","_et_gb_content_width":"","footnotes":""},"class_list":["post-5404","page","type-page","status-publish","hentry"],"_links":{"self":[{"href":"https:\/\/cogopassembly.org\/fr\/wp-json\/wp\/v2\/pages\/5404","targetHints":{"allow":["GET"]}}],"collection":[{"href":"https:\/\/cogopassembly.org\/fr\/wp-json\/wp\/v2\/pages"}],"about":[{"href":"https:\/\/cogopassembly.org\/fr\/wp-json\/wp\/v2\/types\/page"}],"author":[{"embeddable":true,"href":"https:\/\/cogopassembly.org\/fr\/wp-json\/wp\/v2\/users\/1"}],"replies":[{"embeddable":true,"href":"https:\/\/cogopassembly.org\/fr\/wp-json\/wp\/v2\/comments?post=5404"}],"version-history":[{"count":2,"href":"https:\/\/cogopassembly.org\/fr\/wp-json\/wp\/v2\/pages\/5404\/revisions"}],"predecessor-version":[{"id":5408,"href":"https:\/\/cogopassembly.org\/fr\/wp-json\/wp\/v2\/pages\/5404\/revisions\/5408"}],"wp:attachment":[{"href":"https:\/\/cogopassembly.org\/fr\/wp-json\/wp\/v2\/media?parent=5404"}],"curies":[{"name":"wp","href":"https:\/\/api.w.org\/{rel}","templated":true}]}}