{"id":5422,"date":"2022-07-13T07:47:52","date_gmt":"2022-07-13T07:47:52","guid":{"rendered":"https:\/\/cogopassembly.org\/informacoes-sobre-a-area\/"},"modified":"2026-04-13T14:37:02","modified_gmt":"2026-04-13T14:37:02","slug":"informacoes-sobre-a-area","status":"publish","type":"page","link":"https:\/\/cogopassembly.org\/pt-br\/informacoes-sobre-a-area\/","title":{"rendered":"Informa\u00e7\u00f5es sobre a \u00e1rea"},"content":{"rendered":"<p>[et_pb_section fb_built=&#8221;1&#8243; custom_padding_last_edited=&#8221;on|phone&#8221; admin_label=&#8221;Header&#8221; _builder_version=&#8221;4.27.4&#8243; background_color=&#8221;rgba(1,33,63,0.52)&#8221; background_image=&#8221;https:\/\/cogopassembly.org\/wp-content\/uploads\/2024\/04\/maxresdefault.jpg&#8221; parallax=&#8221;on&#8221; width=&#8221;100%&#8221; max_width=&#8221;100%&#8221; min_height=&#8221;500px&#8221; height=&#8221;500px&#8221; max_height=&#8221;500px&#8221; custom_margin=&#8221;0px|0px|0px|0px|true|false&#8221; custom_margin_tablet=&#8221;&#8221; custom_margin_phone=&#8221;0px|0px||0px|false|true&#8221; custom_margin_last_edited=&#8221;on|desktop&#8221; custom_padding=&#8221;0px|0px|0px|0px|false|false&#8221; custom_padding_tablet=&#8221;40px||||false|false&#8221; custom_padding_phone=&#8221;0px|0px|0px|0px|false|false&#8221; hover_enabled=&#8221;0&#8243; border_radii_phone=&#8221;on|20px|20px|20px|20px&#8221; border_radii_last_edited=&#8221;off|desktop&#8221; locked=&#8221;off&#8221; global_colors_info=&#8221;{}&#8221; width_last_edited=&#8221;on|phone&#8221; max_width_last_edited=&#8221;on|phone&#8221; module_alignment_last_edited=&#8221;on|phone&#8221; width_phone=&#8221;auto&#8221; module_alignment_phone=&#8221;center&#8221; min_height_last_edited=&#8221;on|phone&#8221; height_last_edited=&#8221;on|phone&#8221; max_height_last_edited=&#8221;on|phone&#8221; max_height_phone=&#8221;&#8221; sticky_enabled=&#8221;0&#8243; width_tablet=&#8221;100%&#8221; max_width_tablet=&#8221;100%&#8221; max_width_phone=&#8221;100%&#8221; min_height_tablet=&#8221;500px&#8221; min_height_phone=&#8221;500px&#8221; height_tablet=&#8221;500px&#8221; height_phone=&#8221;500px&#8221; max_height_tablet=&#8221;500px&#8221;][et_pb_row custom_padding_last_edited=&#8221;on|tablet&#8221; _builder_version=&#8221;4.24.2&#8243; background_enable_color=&#8221;off&#8221; background_enable_image=&#8221;off&#8221; parallax=&#8221;on&#8221; transform_scale_tablet=&#8221;&#8221; transform_scale_phone=&#8221;&#8221; transform_scale_last_edited=&#8221;on|desktop&#8221; transform_translate=&#8221;30px|0px&#8221; transform_translate_tablet=&#8221;0px|0px&#8221; transform_translate_phone=&#8221;&#8221; transform_translate_last_edited=&#8221;on|tablet&#8221; transform_translate_linked=&#8221;off&#8221; transform_rotate_tablet=&#8221;&#8221; transform_rotate_phone=&#8221;&#8221; transform_rotate_last_edited=&#8221;on|desktop&#8221; transform_skew_tablet=&#8221;&#8221; transform_skew_phone=&#8221;&#8221; transform_skew_last_edited=&#8221;on|desktop&#8221; transform_origin_tablet=&#8221;&#8221; transform_origin_phone=&#8221;&#8221; transform_origin_last_edited=&#8221;on|desktop&#8221; transform_styles_last_edited=&#8221;on|tablet&#8221; width_tablet=&#8221;90%&#8221; width_phone=&#8221;&#8221; width_last_edited=&#8221;on|desktop&#8221; max_width=&#8221;1200px&#8221; custom_padding=&#8221;100px|60px|100px|60px|true|true&#8221; custom_padding_tablet=&#8221;60px||60px||true|true&#8221; custom_padding_phone=&#8221;40px|20px|40px|20px|true|true&#8221; transform_styles_tablet=&#8221;&#8221; transform_styles_phone=&#8221;&#8221; border_radii_phone=&#8221;off|8px|8px||&#8221; border_radii_last_edited=&#8221;off|desktop&#8221; global_colors_info=&#8221;{}&#8221; min_height=&#8221;26px&#8221;][et_pb_column type=&#8221;4_4&#8243; _builder_version=&#8221;4.16&#8243; global_colors_info=&#8221;{}&#8221;][\/et_pb_column][\/et_pb_row][\/et_pb_section][et_pb_section fb_built=&#8221;1&#8243; admin_label=&#8221;Links&#8221; _builder_version=&#8221;4.27.4&#8243; background_color=&#8221;rgba(0,0,0,0)&#8221; z_index=&#8221;1&#8243; custom_margin=&#8221;20px|40px||40px|false|true&#8221; custom_margin_tablet=&#8221;&#8221; custom_margin_phone=&#8221;|0px||0px|false|true&#8221; custom_margin_last_edited=&#8221;on|tablet&#8221; custom_padding=&#8221;0px|0px|0px|0px|false|true&#8221; hover_enabled=&#8221;0&#8243; global_colors_info=&#8221;{}&#8221; sticky_enabled=&#8221;0&#8243;][et_pb_row column_structure=&#8221;1_2,1_2&#8243; custom_padding_last_edited=&#8221;on|desktop&#8221; _builder_version=&#8221;4.27.4&#8243; background_enable_color=&#8221;off&#8221; width_tablet=&#8221;90%&#8221; width_phone=&#8221;90%&#8221; width_last_edited=&#8221;on|phone&#8221; max_width=&#8221;1200px&#8221; custom_padding=&#8221;|60px|60px|90px|false|false&#8221; custom_padding_tablet=&#8221;|||60px|false|false&#8221; custom_padding_phone=&#8221;0px|0px|0px|0px|false|true&#8221; hover_enabled=&#8221;0&#8243; box_shadow_style=&#8221;preset3&#8243; box_shadow_vertical=&#8221;80px&#8221; box_shadow_blur=&#8221;110px&#8221; box_shadow_spread=&#8221;-40px&#8221; box_shadow_color=&#8221;rgba(131,146,167,0.5)&#8221; locked=&#8221;off&#8221; global_colors_info=&#8221;{}&#8221; max_width_last_edited=&#8221;on|phone&#8221; max_width_phone=&#8221;&#8221; module_alignment=&#8221;center&#8221; min_height_last_edited=&#8221;on|phone&#8221; height_last_edited=&#8221;on|phone&#8221; max_height_last_edited=&#8221;on|phone&#8221; custom_margin_last_edited=&#8221;on|phone&#8221; custom_margin_phone=&#8221;0px|0px|0px|0px|false|false&#8221; sticky_enabled=&#8221;0&#8243; use_custom_gutter=&#8221;on&#8221; gutter_width=&#8221;1&#8243; make_equal=&#8221;on&#8221; max_width_tablet=&#8221;1200px&#8221;][et_pb_column type=&#8221;1_2&#8243; _builder_version=&#8221;4.27.4&#8243; background_color=&#8221;#FFFFFF&#8221; custom_padding=&#8221;30px|30px|30px|30px|true|true&#8221; hover_enabled=&#8221;0&#8243; global_colors_info=&#8221;{}&#8221; custom_padding_last_edited=&#8221;on|phone&#8221; custom_padding_phone=&#8221;30px|0px|0px|20px|false|false&#8221; sticky_enabled=&#8221;0&#8243; custom_padding_tablet=&#8221;30px|30px|30px|30px|true|true&#8221;][et_pb_text _builder_version=&#8221;4.27.4&#8243; text_font_size=&#8221;18px&#8221; text_line_height=&#8221;1.8em&#8221; link_font=&#8221;|600|||on||||&#8221; link_text_color=&#8221;#946ef4&#8243; header_2_font=&#8221;Taviraj||||||||&#8221; header_2_font_size=&#8221;46px&#8221; header_2_line_height=&#8221;1.2em&#8221; header_3_font=&#8221;||||||||&#8221; header_3_font_size=&#8221;34px&#8221; header_3_letter_spacing=&#8221;2px&#8221; header_3_line_height=&#8221;1.3em&#8221; custom_padding=&#8221;0px|0px|0px|0px|true|true&#8221; custom_padding_tablet=&#8221;|30px||50px|true|false&#8221; custom_padding_phone=&#8221;|30px|||true|false&#8221; custom_padding_last_edited=&#8221;off|tablet&#8221; hover_enabled=&#8221;0&#8243; text_font_size_tablet=&#8221;&#8221; text_font_size_phone=&#8221;1em&#8221; text_font_size_last_edited=&#8221;on|desktop&#8221; header_2_font_size_tablet=&#8221;40px&#8221; header_2_font_size_phone=&#8221;30px&#8221; header_2_font_size_last_edited=&#8221;on|phone&#8221; header_3_font_size_tablet=&#8221;&#8221; header_3_font_size_phone=&#8221;1.4em&#8221; header_3_font_size_last_edited=&#8221;on|phone&#8221; locked=&#8221;off&#8221; global_colors_info=&#8221;{}&#8221; width_last_edited=&#8221;on|phone&#8221; max_width_last_edited=&#8221;on|phone&#8221; module_alignment=&#8221;center&#8221; min_height_last_edited=&#8221;on|phone&#8221; height_last_edited=&#8221;on|phone&#8221; max_height_last_edited=&#8221;on|phone&#8221; custom_margin_last_edited=&#8221;on|phone&#8221; custom_margin_phone=&#8221;0px|0px|0px|0px|true|true&#8221; sticky_enabled=&#8221;0&#8243; text_line_height_last_edited=&#8221;on|phone&#8221; text_line_height_phone=&#8221;1.3em&#8221; text_line_height_tablet=&#8221;1.8em&#8221;]<\/p>\n<h3>Recursos em Orlando<\/h3>\n<ul>\n<li style=\"margin-left: 20px; line-height: 1.4em;\"><a href=\"https:\/\/visitorlando.com\/\" target=\"_blank\" rel=\"noopener\">Visite Orlando!<\/a><\/li>\n<li style=\"margin-left: 20px; line-height: 1.4em;\"><a href=\"https:\/\/visitortollpass.com\/\" target=\"_blank\" rel=\"noopener\">Passe de ped\u00e1gio para visitantes<\/a><\/li>\n<li style=\"margin-left: 20px; line-height: 1.4em;\"><a href=\"https:\/\/visitorlando.com\/things-to-do\/virtual-tours\/\" target=\"_blank\" rel=\"noopener\">Fa\u00e7a um tour virtual por Orlando!<\/a><\/li>\n<li style=\"margin-left: 20px; line-height: 1.4em;\"><a href=\"https:\/\/gocity.com\/en\" target=\"_blank\" rel=\"noopener\">Go City!<\/a><\/li>\n<li style=\"margin-left: 20px; line-height: 1.4em;\"><a href=\"https:\/\/ocso.com\/en-us\/Public-Interest\/Safety-Tips\/Tourist-Safety\" target=\"_blank\" rel=\"noopener\">Dicas de seguran\u00e7a para turistas<\/a><\/li>\n<\/ul>\n<p>[\/et_pb_text][et_pb_text _builder_version=&#8221;4.27.4&#8243; text_font_size=&#8221;18px&#8221; text_line_height=&#8221;1.8em&#8221; link_font=&#8221;|600|||on||||&#8221; link_text_color=&#8221;#946ef4&#8243; header_2_font=&#8221;Taviraj||||||||&#8221; header_2_font_size=&#8221;46px&#8221; header_2_line_height=&#8221;1.2em&#8221; header_3_font=&#8221;||||||||&#8221; header_3_font_size=&#8221;34px&#8221; header_3_letter_spacing=&#8221;2px&#8221; header_3_line_height=&#8221;1.3em&#8221; custom_padding=&#8221;0px|0px|0px|0px|true|true&#8221; custom_padding_tablet=&#8221;|30px||50px|true|false&#8221; custom_padding_phone=&#8221;|30px|||true|false&#8221; custom_padding_last_edited=&#8221;off|tablet&#8221; hover_enabled=&#8221;0&#8243; text_font_size_tablet=&#8221;&#8221; text_font_size_phone=&#8221;1em&#8221; text_font_size_last_edited=&#8221;on|desktop&#8221; header_2_font_size_tablet=&#8221;40px&#8221; header_2_font_size_phone=&#8221;30px&#8221; header_2_font_size_last_edited=&#8221;on|phone&#8221; header_3_font_size_tablet=&#8221;&#8221; header_3_font_size_phone=&#8221;1.4em&#8221; header_3_font_size_last_edited=&#8221;on|phone&#8221; locked=&#8221;off&#8221; global_colors_info=&#8221;{}&#8221; width_last_edited=&#8221;on|phone&#8221; max_width_last_edited=&#8221;on|phone&#8221; module_alignment=&#8221;center&#8221; min_height_last_edited=&#8221;on|phone&#8221; height_last_edited=&#8221;on|phone&#8221; max_height_last_edited=&#8221;on|phone&#8221; custom_margin_last_edited=&#8221;on|phone&#8221; custom_margin_phone=&#8221;0px|0px|0px|0px|true|true&#8221; sticky_enabled=&#8221;0&#8243; text_line_height_last_edited=&#8221;on|phone&#8221; text_line_height_phone=&#8221;1.3em&#8221; text_line_height_tablet=&#8221;1.8em&#8221;]<\/p>\n<h3>Recursos de Orlando<\/h3>\n<ul>\n<li style=\"margin-left: 20px; line-height: 1.4em;\"><a href=\"https:\/\/es.visitorlando.com\/\" target=\"_blank\" rel=\"noopener\">\u00a1Visita Orlando!<\/a><\/li>\n<li style=\"margin-left: 20px; line-height: 1.4em;\"><a href=\"https:\/\/visitortollpass.com\/\" target=\"_blank\" rel=\"noopener\">Pase de peaje para visitantes<\/a><\/li>\n<li style=\"margin-left: 20px; line-height: 1.4em;\"><a href=\"https:\/\/visitorlando.com\/things-to-do\/virtual-tours\/\" target=\"_blank\" rel=\"noopener\">\u00a1Haga un recorrido virtual por Orlando!<\/a><\/li>\n<li style=\"margin-left: 20px; line-height: 1.4em;\"><a href=\"https:\/\/gocity.com\/es\" target=\"_blank\" rel=\"noopener\">Go City!<\/a><\/li>\n<li style=\"margin-left: 20px; line-height: 1.4em;\"><a href=\"https:\/\/www.ocso.com\/es-es\/Inter%C3%A9s-p%C3%BAblico\/Consejos-de-Seguridad\/Seguridad-de-los-Turistas\" target=\"_blank\" rel=\"noopener\">Consejos de Seguridad para Turistas<\/a><\/li>\n<\/ul>\n<p>[\/et_pb_text][\/et_pb_column][et_pb_column type=&#8221;1_2&#8243; _builder_version=&#8221;4.27.4&#8243; background_enable_color=&#8221;off&#8221; custom_padding=&#8221;30px|30px|30px|30px|true|true&#8221; hover_enabled=&#8221;0&#8243; global_colors_info=&#8221;{}&#8221; custom_padding_last_edited=&#8221;on|phone&#8221; custom_padding_phone=&#8221;0px|0px|0px|30px|false|false&#8221; sticky_enabled=&#8221;0&#8243; custom_padding_tablet=&#8221;30px|30px|30px|30px|true|true&#8221;][\/et_pb_column][\/et_pb_row][\/et_pb_section][et_pb_section fb_built=&#8221;1&#8243; admin_label=&#8221;Blog&#8221; _builder_version=&#8221;4.27.4&#8243; custom_padding=&#8221;0px||10px||false|false&#8221; hover_enabled=&#8221;0&#8243; global_colors_info=&#8221;{}&#8221; custom_margin=&#8221;0px||0px||false|false&#8221; sticky_enabled=&#8221;0&#8243;][\/et_pb_section]<\/p>\n","protected":false},"excerpt":{"rendered":"<p>Recursos em Orlando Visite Orlando! Passe de ped\u00e1gio para visitantes Fa\u00e7a um tour virtual por Orlando! Go City! Dicas de seguran\u00e7a para turistas Recursos de Orlando \u00a1Visita Orlando! Pase de peaje para visitantes \u00a1Haga un recorrido virtual por Orlando! Go City! Consejos de Seguridad para Turistas<\/p>\n","protected":false},"author":1,"featured_media":0,"parent":0,"menu_order":0,"comment_status":"closed","ping_status":"closed","template":"","meta":{"_et_pb_use_builder":"on","_et_pb_old_content":"","_et_gb_content_width":"","footnotes":""},"class_list":["post-5422","page","type-page","status-publish","hentry"],"_links":{"self":[{"href":"https:\/\/cogopassembly.org\/pt-br\/wp-json\/wp\/v2\/pages\/5422","targetHints":{"allow":["GET"]}}],"collection":[{"href":"https:\/\/cogopassembly.org\/pt-br\/wp-json\/wp\/v2\/pages"}],"about":[{"href":"https:\/\/cogopassembly.org\/pt-br\/wp-json\/wp\/v2\/types\/page"}],"author":[{"embeddable":true,"href":"https:\/\/cogopassembly.org\/pt-br\/wp-json\/wp\/v2\/users\/1"}],"replies":[{"embeddable":true,"href":"https:\/\/cogopassembly.org\/pt-br\/wp-json\/wp\/v2\/comments?post=5422"}],"version-history":[{"count":10,"href":"https:\/\/cogopassembly.org\/pt-br\/wp-json\/wp\/v2\/pages\/5422\/revisions"}],"predecessor-version":[{"id":5995,"href":"https:\/\/cogopassembly.org\/pt-br\/wp-json\/wp\/v2\/pages\/5422\/revisions\/5995"}],"wp:attachment":[{"href":"https:\/\/cogopassembly.org\/pt-br\/wp-json\/wp\/v2\/media?parent=5422"}],"curies":[{"name":"wp","href":"https:\/\/api.w.org\/{rel}","templated":true}]}}