{"id":5917,"date":"2024-07-14T03:40:48","date_gmt":"2024-07-14T03:40:48","guid":{"rendered":"https:\/\/cogopassembly.org\/descontos-em-atracoes-turisticas-da-regiao\/"},"modified":"2026-04-13T14:36:49","modified_gmt":"2026-04-13T14:36:49","slug":"descontos-em-atracoes-turisticas-da-regiao","status":"publish","type":"page","link":"https:\/\/cogopassembly.org\/pt-br\/descontos-em-atracoes-turisticas-da-regiao\/","title":{"rendered":"Descontos em atra\u00e7\u00f5es tur\u00edsticas da regi\u00e3o"},"content":{"rendered":"<p>[et_pb_section fb_built=&#8221;1&#8243; admin_label=&#8221;Header&#8221; _builder_version=&#8221;4.27.5&#8243; _module_preset=&#8221;00ce383d-6b2a-48f4-b04b-02ca185513b2&#8243; background_image=&#8221;https:\/\/cogopassembly.org\/wp-content\/uploads\/2024\/07\/non-profit-03.jpg&#8221; custom_padding=&#8221;||14vh||false|false&#8221; hover_enabled=&#8221;0&#8243; collapsed=&#8221;on&#8221; global_colors_info=&#8221;{%22gcid-1f1bf5fb-a99d-4acc-8d9e-ddac074c158c%22:%91%22background_color_gradient_stops%22,%22background_color_gradient_stops%22%93,%22gcid-4c79ba3d-a281-4fb6-9b14-02f9a4c793f2%22:%91%22background_color_gradient_stops%22,%22background_color_gradient_stops%22%93,%22gcid-688c464a-d6f2-4296-b592-395352c71c79%22:%91%22background_color_gradient_stops%22,%22background_color_gradient_stops%22%93,%22gcid-d119accd-44d7-4f2f-b9d7-599c8463324b%22:%91%22background_color_gradient_stops%22,%22background_color_gradient_stops%22%93}&#8221; use_background_color_gradient=&#8221;off&#8221; sticky_enabled=&#8221;0&#8243;][et_pb_row _builder_version=&#8221;4.25.1&#8243; _module_preset=&#8221;default&#8221; global_colors_info=&#8221;{}&#8221;][et_pb_column type=&#8221;4_4&#8243; _builder_version=&#8221;4.25.1&#8243; _module_preset=&#8221;default&#8221; global_colors_info=&#8221;{}&#8221;][et_pb_heading title=&#8221;Descontos em atra\u00e7\u00f5es tur\u00edsticas da regi\u00e3o&#8221; _builder_version=&#8221;4.26.1&#8243; _module_preset=&#8221;98bb03a7-510c-41a4-b84b-d097372d8302&#8243; title_text_align=&#8221;center&#8221; custom_margin=&#8221;||10px||false|false&#8221; global_colors_info=&#8221;{}&#8221;][\/et_pb_heading][et_pb_text _builder_version=&#8221;4.26.1&#8243; _module_preset=&#8221;104b69f4-9fe8-49d2-be8f-8a5c6c70ca13&#8243; text_orientation=&#8221;center&#8221; global_colors_info=&#8221;{}&#8221;]<\/p>\n<p>Para aqueles que chegarem antes ou ficarem depois da 102\u00aa Assembleia Internacional, duas atra\u00e7\u00f5es populares para fam\u00edlias em Orlando est\u00e3o oferecendo ingressos com desconto aos delegados da Assembleia. Selecione uma das atra\u00e7\u00f5es abaixo para ver as op\u00e7\u00f5es de ingressos. <\/p>\n<p>[\/et_pb_text][\/et_pb_column][\/et_pb_row][et_pb_row column_structure=&#8221;1_2,1_2&#8243; _builder_version=&#8221;4.26.1&#8243; _module_preset=&#8221;default&#8221; global_colors_info=&#8221;{}&#8221;][et_pb_column type=&#8221;1_2&#8243; _builder_version=&#8221;4.26.1&#8243; _module_preset=&#8221;default&#8221; global_colors_info=&#8221;{}&#8221;][et_pb_image src=&#8221;https:\/\/cogopassembly.org\/wp-content\/uploads\/2024\/07\/Universal.png&#8221; title_text=&#8221;Universal&#8221; url=&#8221;https:\/\/purchase.universalorlando.com\/webstore\/shop\/ViewItems.aspx?CG=UOConvention&amp;C=UOConventiontickets&#8221; _builder_version=&#8221;4.26.1&#8243; _module_preset=&#8221;default&#8221; border_radii=&#8221;on|40px|40px|40px|40px&#8221; box_shadow_style=&#8221;preset2&#8243; global_colors_info=&#8221;{}&#8221;][\/et_pb_image][\/et_pb_column][et_pb_column type=&#8221;1_2&#8243; _builder_version=&#8221;4.26.1&#8243; _module_preset=&#8221;default&#8221; global_colors_info=&#8221;{}&#8221;][et_pb_image src=&#8221;https:\/\/cogopassembly.org\/wp-content\/uploads\/2024\/07\/Disney.png&#8221; title_text=&#8221;Disney&#8221; url=&#8221;https:\/\/www.mydisneygroup.com\/102ndia24\/&#8221; _builder_version=&#8221;4.26.1&#8243; _module_preset=&#8221;default&#8221; border_radii=&#8221;on|40px|40px|40px|40px&#8221; box_shadow_style=&#8221;preset2&#8243; global_colors_info=&#8221;{}&#8221;][\/et_pb_image][\/et_pb_column][\/et_pb_row][\/et_pb_section]<\/p>\n","protected":false},"excerpt":{"rendered":"<p>Para aqueles que chegarem antes ou ficarem depois da 102\u00aa Assembleia Internacional, duas atra\u00e7\u00f5es populares para fam\u00edlias em Orlando est\u00e3o oferecendo ingressos com desconto aos delegados da Assembleia. Selecione uma das atra\u00e7\u00f5es abaixo para ver as op\u00e7\u00f5es de ingressos.<\/p>\n","protected":false},"author":1,"featured_media":0,"parent":0,"menu_order":0,"comment_status":"closed","ping_status":"closed","template":"","meta":{"_et_pb_use_builder":"on","_et_pb_old_content":"","_et_gb_content_width":"","footnotes":""},"class_list":["post-5917","page","type-page","status-publish","hentry"],"_links":{"self":[{"href":"https:\/\/cogopassembly.org\/pt-br\/wp-json\/wp\/v2\/pages\/5917","targetHints":{"allow":["GET"]}}],"collection":[{"href":"https:\/\/cogopassembly.org\/pt-br\/wp-json\/wp\/v2\/pages"}],"about":[{"href":"https:\/\/cogopassembly.org\/pt-br\/wp-json\/wp\/v2\/types\/page"}],"author":[{"embeddable":true,"href":"https:\/\/cogopassembly.org\/pt-br\/wp-json\/wp\/v2\/users\/1"}],"replies":[{"embeddable":true,"href":"https:\/\/cogopassembly.org\/pt-br\/wp-json\/wp\/v2\/comments?post=5917"}],"version-history":[{"count":5,"href":"https:\/\/cogopassembly.org\/pt-br\/wp-json\/wp\/v2\/pages\/5917\/revisions"}],"predecessor-version":[{"id":5992,"href":"https:\/\/cogopassembly.org\/pt-br\/wp-json\/wp\/v2\/pages\/5917\/revisions\/5992"}],"wp:attachment":[{"href":"https:\/\/cogopassembly.org\/pt-br\/wp-json\/wp\/v2\/media?parent=5917"}],"curies":[{"name":"wp","href":"https:\/\/api.w.org\/{rel}","templated":true}]}}